{"id":11,"date":"2024-11-05T16:44:00","date_gmt":"2024-11-05T16:44:00","guid":{"rendered":"https:\/\/eris-ie.crfptic.es\/?page_id=11"},"modified":"2025-11-21T14:25:11","modified_gmt":"2025-11-21T14:25:11","slug":"inicio","status":"publish","type":"page","link":"https:\/\/eris-ie.crfptic.es\/pt\/","title":{"rendered":"Inicio"},"content":{"rendered":"<div data-elementor-type=\"wp-page\" data-elementor-id=\"11\" class=\"elementor elementor-11\" data-elementor-post-type=\"page\">\n\t\t\t\t<div class=\"elementor-element elementor-element-ef45820 e-flex e-con-boxed e-con e-parent\" data-id=\"ef45820\" data-element_type=\"container\" data-settings=\"{&quot;background_background&quot;:&quot;classic&quot;,&quot;shape_divider_bottom&quot;:&quot;waves&quot;}\">\n\t\t\t\t\t<div class=\"e-con-inner\">\n\t\t\t\t<div class=\"elementor-shape elementor-shape-bottom\" aria-hidden=\"true\" data-negative=\"false\">\n\t\t\t<svg xmlns=\"http:\/\/www.w3.org\/2000\/svg\" viewbox=\"0 0 1000 100\" preserveaspectratio=\"none\">\n\t<path class=\"elementor-shape-fill\" d=\"M421.9,6.5c22.6-2.5,51.5,0.4,75.5,5.3c23.6,4.9,70.9,23.5,100.5,35.7c75.8,32.2,133.7,44.5,192.6,49.7\tc23.6,2.1,48.7,3.5,103.4-2.5c54.7-6,106.2-25.6,106.2-25.6V0H0v30.3c0,0,72,32.6,158.4,30.5c39.2-0.7,92.8-6.7,134-22.4\tc21.2-8.1,52.2-18.2,79.7-24.2C399.3,7.9,411.6,7.5,421.9,6.5z\"\/>\n<\/svg>\t\t<\/div>\n\t\t\t\t<div class=\"elementor-element elementor-element-a02be96 elementor-widget-mobile__width-inherit elementor-widget elementor-widget-image\" data-id=\"a02be96\" data-element_type=\"widget\" data-widget_type=\"image.default\">\n\t\t\t\t<div class=\"elementor-widget-container\">\n\t\t\t\t\t\t\t\t\t\t\t\t\t\t\t<img decoding=\"async\" width=\"69\" height=\"69\" src=\"https:\/\/eris-ie.crfptic.es\/wp-content\/uploads\/2024\/11\/Iso-blanco.svg\" class=\"attachment-full size-full wp-image-36\" alt=\"\" \/>\t\t\t\t\t\t\t\t\t\t\t\t\t\t\t<\/div>\n\t\t\t\t<\/div>\n\t\t\t\t<div class=\"elementor-element elementor-element-2904b4e elementor-widget-mobile__width-inherit elementor-widget elementor-widget-image\" data-id=\"2904b4e\" data-element_type=\"widget\" data-widget_type=\"image.default\">\n\t\t\t\t<div class=\"elementor-widget-container\">\n\t\t\t\t\t\t\t\t\t\t\t\t\t\t\t<img decoding=\"async\" width=\"141\" height=\"28\" src=\"https:\/\/eris-ie.crfptic.es\/wp-content\/uploads\/2024\/11\/ERiS_iE-blanco.svg\" class=\"attachment-full size-full wp-image-37\" alt=\"\" \/>\t\t\t\t\t\t\t\t\t\t\t\t\t\t\t<\/div>\n\t\t\t\t<\/div>\n\t\t<div class=\"elementor-element elementor-element-1010bd3 e-grid e-con-full elementor-invisible e-con e-child\" data-id=\"1010bd3\" data-element_type=\"container\" data-settings=\"{&quot;animation&quot;:&quot;zoomIn&quot;}\">\n\t\t\t\t<div class=\"elementor-element elementor-element-7684d5a elementor-align-justify elementor-tablet-align-justify elementor-mobile-align-justify elementor-widget elementor-widget-button\" data-id=\"7684d5a\" data-element_type=\"widget\" data-widget_type=\"button.default\">\n\t\t\t\t<div class=\"elementor-widget-container\">\n\t\t\t\t\t\t\t\t\t<div class=\"elementor-button-wrapper\">\n\t\t\t\t\t<a class=\"elementor-button elementor-button-link elementor-size-sm elementor-animation-push\" href=\"https:\/\/eris-ie.crfptic.es\/pt\/red-de-centros\/\">\n\t\t\t\t\t\t<span class=\"elementor-button-content-wrapper\">\n\t\t\t\t\t\t\t\t\t<span class=\"elementor-button-text\">Rede de escolas<\/span>\n\t\t\t\t\t<\/span>\n\t\t\t\t\t<\/a>\n\t\t\t\t<\/div>\n\t\t\t\t\t\t\t\t<\/div>\n\t\t\t\t<\/div>\n\t\t\t\t<div class=\"elementor-element elementor-element-c546285 elementor-align-justify elementor-tablet-align-justify elementor-mobile-align-justify elementor-widget elementor-widget-button\" data-id=\"c546285\" data-element_type=\"widget\" data-widget_type=\"button.default\">\n\t\t\t\t<div class=\"elementor-widget-container\">\n\t\t\t\t\t\t\t\t\t<div class=\"elementor-button-wrapper\">\n\t\t\t\t\t<a class=\"elementor-button elementor-button-link elementor-size-sm elementor-animation-push\" href=\"https:\/\/eris-ie.crfptic.es\/pt\/formacion\/\">\n\t\t\t\t\t\t<span class=\"elementor-button-content-wrapper\">\n\t\t\t\t\t\t\t\t\t<span class=\"elementor-button-text\">Forma\u00e7ao<\/span>\n\t\t\t\t\t<\/span>\n\t\t\t\t\t<\/a>\n\t\t\t\t<\/div>\n\t\t\t\t\t\t\t\t<\/div>\n\t\t\t\t<\/div>\n\t\t\t\t<div class=\"elementor-element elementor-element-d49d804 elementor-align-justify elementor-tablet-align-justify elementor-mobile-align-justify elementor-widget elementor-widget-button\" data-id=\"d49d804\" data-element_type=\"widget\" data-widget_type=\"button.default\">\n\t\t\t\t<div class=\"elementor-widget-container\">\n\t\t\t\t\t\t\t\t\t<div class=\"elementor-button-wrapper\">\n\t\t\t\t\t<a class=\"elementor-button elementor-button-link elementor-size-sm elementor-animation-push\" href=\"https:\/\/eris-ie.crfptic.es\/pt\/proyectos\/\">\n\t\t\t\t\t\t<span class=\"elementor-button-content-wrapper\">\n\t\t\t\t\t\t\t\t\t<span class=\"elementor-button-text\">Projetos<\/span>\n\t\t\t\t\t<\/span>\n\t\t\t\t\t<\/a>\n\t\t\t\t<\/div>\n\t\t\t\t\t\t\t\t<\/div>\n\t\t\t\t<\/div>\n\t\t\t\t<div class=\"elementor-element elementor-element-433af7d elementor-align-justify elementor-tablet-align-justify elementor-mobile-align-justify elementor-widget elementor-widget-button\" data-id=\"433af7d\" data-element_type=\"widget\" data-widget_type=\"button.default\">\n\t\t\t\t<div class=\"elementor-widget-container\">\n\t\t\t\t\t\t\t\t\t<div class=\"elementor-button-wrapper\">\n\t\t\t\t\t<a class=\"elementor-button elementor-button-link elementor-size-sm elementor-animation-push\" href=\"https:\/\/eris-ie.crfptic.es\/pt\/productos\/\">\n\t\t\t\t\t\t<span class=\"elementor-button-content-wrapper\">\n\t\t\t\t\t\t\t\t\t<span class=\"elementor-button-text\">Produtos<\/span>\n\t\t\t\t\t<\/span>\n\t\t\t\t\t<\/a>\n\t\t\t\t<\/div>\n\t\t\t\t\t\t\t\t<\/div>\n\t\t\t\t<\/div>\n\t\t\t\t<div class=\"elementor-element elementor-element-0ee2a05 elementor-align-justify elementor-tablet-align-justify elementor-mobile-align-justify elementor-widget elementor-widget-button\" data-id=\"0ee2a05\" data-element_type=\"widget\" data-widget_type=\"button.default\">\n\t\t\t\t<div class=\"elementor-widget-container\">\n\t\t\t\t\t\t\t\t\t<div class=\"elementor-button-wrapper\">\n\t\t\t\t\t<a class=\"elementor-button elementor-button-link elementor-size-sm elementor-animation-push\" href=\"https:\/\/eris-ie.crfptic.es\/pt\/difusion\/\">\n\t\t\t\t\t\t<span class=\"elementor-button-content-wrapper\">\n\t\t\t\t\t\t\t\t\t<span class=\"elementor-button-text\">Difus\u00e3o<\/span>\n\t\t\t\t\t<\/span>\n\t\t\t\t\t<\/a>\n\t\t\t\t<\/div>\n\t\t\t\t\t\t\t\t<\/div>\n\t\t\t\t<\/div>\n\t\t\t\t<div class=\"elementor-element elementor-element-df04eb2 elementor-widget elementor-widget-spacer\" data-id=\"df04eb2\" data-element_type=\"widget\" data-widget_type=\"spacer.default\">\n\t\t\t\t<div class=\"elementor-widget-container\">\n\t\t\t\t\t\t\t<div class=\"elementor-spacer\">\n\t\t\t<div class=\"elementor-spacer-inner\"><\/div>\n\t\t<\/div>\n\t\t\t\t\t\t<\/div>\n\t\t\t\t<\/div>\n\t\t\t\t<\/div>\n\t\t\t\t<div class=\"elementor-element elementor-element-b1f09c8 elementor-invisible elementor-widget elementor-widget-image\" data-id=\"b1f09c8\" data-element_type=\"widget\" data-settings=\"{&quot;_animation&quot;:&quot;fadeIn&quot;}\" data-widget_type=\"image.default\">\n\t\t\t\t<div class=\"elementor-widget-container\">\n\t\t\t\t\t\t\t\t\t\t\t\t\t\t\t<img fetchpriority=\"high\" decoding=\"async\" width=\"1393\" height=\"376\" src=\"https:\/\/eris-ie.crfptic.es\/wp-content\/uploads\/2025\/02\/Interreg-Logo-Espana-Portugal-RGB-Color-neg-03.png\" class=\"attachment-full size-full wp-image-181\" alt=\"\" srcset=\"https:\/\/eris-ie.crfptic.es\/wp-content\/uploads\/2025\/02\/Interreg-Logo-Espana-Portugal-RGB-Color-neg-03.png 1393w, https:\/\/eris-ie.crfptic.es\/wp-content\/uploads\/2025\/02\/Interreg-Logo-Espana-Portugal-RGB-Color-neg-03-300x81.png 300w, https:\/\/eris-ie.crfptic.es\/wp-content\/uploads\/2025\/02\/Interreg-Logo-Espana-Portugal-RGB-Color-neg-03-1024x276.png 1024w, https:\/\/eris-ie.crfptic.es\/wp-content\/uploads\/2025\/02\/Interreg-Logo-Espana-Portugal-RGB-Color-neg-03-768x207.png 768w, https:\/\/eris-ie.crfptic.es\/wp-content\/uploads\/2025\/02\/Interreg-Logo-Espana-Portugal-RGB-Color-neg-03-18x5.png 18w\" sizes=\"(max-width: 1393px) 100vw, 1393px\" \/>\t\t\t\t\t\t\t\t\t\t\t\t\t\t\t<\/div>\n\t\t\t\t<\/div>\n\t\t\t\t\t<\/div>\n\t\t\t\t<\/div>\n\t\t<div class=\"elementor-element elementor-element-1c39c79 e-flex e-con-boxed elementor-invisible e-con e-parent\" data-id=\"1c39c79\" data-element_type=\"container\" data-settings=\"{&quot;animation&quot;:&quot;fadeInUp&quot;}\">\n\t\t\t\t\t<div class=\"e-con-inner\">\n\t\t\t\t<div class=\"elementor-element elementor-element-620faa6 elementor-widget elementor-widget-heading\" data-id=\"620faa6\" data-element_type=\"widget\" data-widget_type=\"heading.default\">\n\t\t\t\t<div class=\"elementor-widget-container\">\n\t\t\t\t\t<h1 class=\"elementor-heading-title elementor-size-default\">Projeto ERiS_iE<\/h1>\t\t\t\t<\/div>\n\t\t\t\t<\/div>\n\t\t\t\t<div class=\"elementor-element elementor-element-6663990 elementor-widget elementor-widget-heading\" data-id=\"6663990\" data-element_type=\"widget\" data-widget_type=\"heading.default\">\n\t\t\t\t<div class=\"elementor-widget-container\">\n\t\t\t\t\t<h2 class=\"elementor-heading-title elementor-size-default\">EMPREENDEDORISMO RESPONS\u00c1VEL, INCLUSIVO E SUSTENT\u00c1VEL ATRAV\u00c9S DA INOVA\u00c7\u00c3O EDUCATIVA. <\/h2>\t\t\t\t<\/div>\n\t\t\t\t<\/div>\n\t\t\t\t<div class=\"elementor-element elementor-element-d09c574 elementor-widget-divider--view-line elementor-widget elementor-widget-divider\" data-id=\"d09c574\" data-element_type=\"widget\" data-widget_type=\"divider.default\">\n\t\t\t\t<div class=\"elementor-widget-container\">\n\t\t\t\t\t\t\t<div class=\"elementor-divider\">\n\t\t\t<span class=\"elementor-divider-separator\">\n\t\t\t\t\t\t<\/span>\n\t\t<\/div>\n\t\t\t\t\t\t<\/div>\n\t\t\t\t<\/div>\n\t\t\t\t<div class=\"elementor-element elementor-element-53df0f2 elementor-widget elementor-widget-text-editor\" data-id=\"53df0f2\" data-element_type=\"widget\" data-widget_type=\"text-editor.default\">\n\t\t\t\t<div class=\"elementor-widget-container\">\n\t\t\t\t\t\t\t\t\t<p>O projeto ERIS_IE, financiado pelo Programa Operacional de Coopera\u00e7\u00e3o Transfronteiri\u00e7a Espanha-Portugal (POCTEP) 2021-2027, teve como objetivo criar uma rede de colabora\u00e7\u00e3o entre escolas de Ensino Secund\u00e1rio de Castela e Le\u00e3o e das regi\u00f5es Centro e Norte de Portugal para que os alunos desenvolvessem projetos de inova\u00e7\u00e3o educativa transfronteiri\u00e7os que, no \u00e2mbito da promo\u00e7\u00e3o de atividades econ\u00f3micas tradicionais na sua \u00e1rea geogr\u00e1fica, fomentem o empreendedorismo inclusivo, socialmente respons\u00e1vel, sustent\u00e1vel e financeiramente vi\u00e1vel. Esta rede de escolas facilitou a concretiza\u00e7\u00e3o de um dos objetivos do POCTEP: a forma\u00e7\u00e3o de alunos em maior risco de exclus\u00e3o permitir\u00e1 o seu acesso a empregos de qualidade na sua \u00e1rea geogr\u00e1fica. Desta forma, o projeto ERIS_IE associa-se \u00e0s prioridades e objetivos do POCTEP como resposta aos desafios transfronteiri\u00e7os.<\/p><p>Para atingir este objetivo, o projeto ERIS_IE desenvolveu forma\u00e7\u00e3o espec\u00edfica aos professores e aos elementos da Dire\u00e7\u00e3o em empreendedorismo inclusivo, educa\u00e7\u00e3o financeira e sustentabilidade. Esta forma\u00e7\u00e3o chegou \u00e0s salas de aula atrav\u00e9s da implementa\u00e7\u00e3o de projetos de inova\u00e7\u00e3o educativa visando a conce\u00e7\u00e3o colaborativa e transfronteiri\u00e7a de prot\u00f3tipos de empresas tradicionais inclusivas, sustent\u00e1veis e financeiramente vi\u00e1veis. Esta colabora\u00e7\u00e3o entre alunos recorreu a ferramentas telem\u00e1ticas e \u00e0 realiza\u00e7\u00e3o de interc\u00e2mbios escolares transfronteiri\u00e7os como forma de divulgar os resultados. A forma\u00e7\u00e3o de professores realizou-se atrav\u00e9s da utiliza\u00e7\u00e3o de ferramentas TIC e de reuni\u00f5es transnacionais presenciais com vista ao interc\u00e2mbio de boas pr\u00e1ticas. Al\u00e9m disso, a participa\u00e7\u00e3o nas atividades do ERIS_IE promoveu a aprendizagem das l\u00ednguas espanhola e portuguesa entre professores e alunos, bem como a gemina\u00e7\u00e3o das duas culturas.<\/p>\t\t\t\t\t\t\t\t<\/div>\n\t\t\t\t<\/div>\n\t\t\t\t<div class=\"elementor-element elementor-element-e7a8a81 elementor-widget elementor-widget-image\" data-id=\"e7a8a81\" data-element_type=\"widget\" data-widget_type=\"image.default\">\n\t\t\t\t<div class=\"elementor-widget-container\">\n\t\t\t\t\t\t\t\t\t\t\t\t\t\t\t<img loading=\"lazy\" decoding=\"async\" width=\"141\" height=\"107\" src=\"https:\/\/eris-ie.crfptic.es\/wp-content\/uploads\/2024\/11\/Logo-vertical.svg\" class=\"attachment-large size-large wp-image-56\" alt=\"\" \/>\t\t\t\t\t\t\t\t\t\t\t\t\t\t\t<\/div>\n\t\t\t\t<\/div>\n\t\t\t\t\t<\/div>\n\t\t\t\t<\/div>\n\t\t\t\t<\/div>","protected":false},"excerpt":{"rendered":"<p>Red de centros Formaci\u00f3n Proyectos Productos Difusi\u00f3n Proyecto ERiS_iE EMPRENDIMIENTO RESPONSABLE, INCLUSIVO Y SOSTENIBLE A TRAV\u00c9S DE LA INNOVACI\u00d3N EDUCATIVA. El proyecto ERIS_IE, financiado por el Programa Operativo de Cooperaci\u00f3n Transfronteriza Espa\u00f1a Portugal (POCTEP) 2021-2027, ha tenido como objetivo crear una red de colaboraci\u00f3n entre centros de educaci\u00f3n secundaria de Castilla y Le\u00f3n y de [&hellip;]<\/p>","protected":false},"author":1,"featured_media":0,"parent":0,"menu_order":0,"comment_status":"closed","ping_status":"closed","template":"elementor_header_footer","meta":{"footnotes":""},"class_list":["post-11","page","type-page","status-publish","hentry"],"_links":{"self":[{"href":"https:\/\/eris-ie.crfptic.es\/pt\/wp-json\/wp\/v2\/pages\/11","targetHints":{"allow":["GET"]}}],"collection":[{"href":"https:\/\/eris-ie.crfptic.es\/pt\/wp-json\/wp\/v2\/pages"}],"about":[{"href":"https:\/\/eris-ie.crfptic.es\/pt\/wp-json\/wp\/v2\/types\/page"}],"author":[{"embeddable":true,"href":"https:\/\/eris-ie.crfptic.es\/pt\/wp-json\/wp\/v2\/users\/1"}],"replies":[{"embeddable":true,"href":"https:\/\/eris-ie.crfptic.es\/pt\/wp-json\/wp\/v2\/comments?post=11"}],"version-history":[{"count":34,"href":"https:\/\/eris-ie.crfptic.es\/pt\/wp-json\/wp\/v2\/pages\/11\/revisions"}],"predecessor-version":[{"id":340,"href":"https:\/\/eris-ie.crfptic.es\/pt\/wp-json\/wp\/v2\/pages\/11\/revisions\/340"}],"wp:attachment":[{"href":"https:\/\/eris-ie.crfptic.es\/pt\/wp-json\/wp\/v2\/media?parent=11"}],"curies":[{"name":"wp","href":"https:\/\/api.w.org\/{rel}","templated":true}]}}